{"id":21134,"date":"2025-05-19T11:17:35","date_gmt":"2025-05-19T14:17:35","guid":{"rendered":"https:\/\/sejuri.sc.gov.br\/?page_id=21134"},"modified":"2025-05-30T17:20:21","modified_gmt":"2025-05-30T20:20:21","slug":"portal-transparencia-sejuri","status":"publish","type":"page","link":"https:\/\/www.sejuri.sc.gov.br\/en\/portal-transparencia-sejuri\/","title":{"rendered":"PORTAL TRANSPAR\u00caNCIA SEJURI"},"content":{"rendered":"<h1><strong>PORTAL TRANSPAR\u00caNCIA SEJURI<\/strong><\/h1>\n<p>A Administra\u00e7\u00e3o P\u00fablica, ao executar seus pagamentos, deve obedecer a ordem cronol\u00f3gica das exigibilidades, nos termos do art. 141 da Lei n\u00ba 14.133\/2021. Neste espa\u00e7o, dando cumprimento ao \u00a73\u00ba do mesmo artigo, ser\u00e1 disponibilizada, mensalmente, a lista de todos os pagamentos feitos pela SEJURI conforme a ordem cronol\u00f3gica em que foram feitos, bem como as justificativas que tenham fundamentado eventual altera\u00e7\u00e3o dessa ordem.<\/p>\n<p>&nbsp;<\/p>\n<p><a href=\"https:\/\/www.sejuri.sc.gov.br\/en\/?page_id=21238&amp;preview=true\">ORDEM DE PAGAMENTOS<\/a><\/p>\n<p>&nbsp;<\/p>","protected":false},"excerpt":{"rendered":"<p>PORTAL TRANSPAR\u00caNCIA SEJURI A Administra\u00e7\u00e3o P\u00fablica, ao executar seus pagamentos, deve obedecer a ordem cronol\u00f3gica das exigibilidades, nos termos do art. 141 da Lei n\u00ba 14.133\/2021. Neste espa\u00e7o, dando cumprimento ao \u00a73\u00ba do mesmo artigo, ser\u00e1 disponibilizada, mensalmente, a lista de todos os pagamentos feitos pela SEJURI conforme a ordem cronol\u00f3gica em que foram feitos, [&hellip;]<\/p>\n","protected":false},"author":13,"featured_media":0,"parent":0,"menu_order":0,"comment_status":"closed","ping_status":"closed","template":"template-fullwidth.php","meta":{"_monsterinsights_skip_tracking":false,"_monsterinsights_sitenote_active":false,"_monsterinsights_sitenote_note":"","_monsterinsights_sitenote_category":0,"footnotes":"","_wp_rev_ctl_limit":""},"categories":[1255],"tags":[],"publishpress_future_action":{"enabled":false,"date":"2026-05-19 19:00:21","action":"change-status","newStatus":"draft","terms":[],"taxonomy":"category"},"publishpress_future_workflow_manual_trigger":{"enabledWorkflows":[]},"_links":{"self":[{"href":"https:\/\/www.sejuri.sc.gov.br\/en\/wp-json\/wp\/v2\/pages\/21134"}],"collection":[{"href":"https:\/\/www.sejuri.sc.gov.br\/en\/wp-json\/wp\/v2\/pages"}],"about":[{"href":"https:\/\/www.sejuri.sc.gov.br\/en\/wp-json\/wp\/v2\/types\/page"}],"author":[{"embeddable":true,"href":"https:\/\/www.sejuri.sc.gov.br\/en\/wp-json\/wp\/v2\/users\/13"}],"replies":[{"embeddable":true,"href":"https:\/\/www.sejuri.sc.gov.br\/en\/wp-json\/wp\/v2\/comments?post=21134"}],"version-history":[{"count":0,"href":"https:\/\/www.sejuri.sc.gov.br\/en\/wp-json\/wp\/v2\/pages\/21134\/revisions"}],"wp:attachment":[{"href":"https:\/\/www.sejuri.sc.gov.br\/en\/wp-json\/wp\/v2\/media?parent=21134"}],"wp:term":[{"taxonomy":"category","embeddable":true,"href":"https:\/\/www.sejuri.sc.gov.br\/en\/wp-json\/wp\/v2\/categories?post=21134"},{"taxonomy":"post_tag","embeddable":true,"href":"https:\/\/www.sejuri.sc.gov.br\/en\/wp-json\/wp\/v2\/tags?post=21134"}],"curies":[{"name":"wp","href":"https:\/\/api.w.org\/{rel}","templated":true}]}}