{"id":23542,"date":"2025-12-17T14:44:56","date_gmt":"2025-12-17T17:44:56","guid":{"rendered":"https:\/\/sejuri.sc.gov.br\/?page_id=23542"},"modified":"2026-04-29T10:32:53","modified_gmt":"2026-04-29T13:32:53","slug":"taxa-de-ocupacao-perfil-e-estatisticas-dos-adolescentes-e-jovens","status":"publish","type":"page","link":"https:\/\/www.sejuri.sc.gov.br\/en\/taxa-de-ocupacao-perfil-e-estatisticas-dos-adolescentes-e-jovens\/","title":{"rendered":"TAXA DE OCUPA\u00c7\u00c3O, PERFIL E ESTAT\u00cdSTICAS DOS ADOLESCENTES E JOVENS"},"content":{"rendered":"<p><a href=\"https:\/\/www.sejuri.sc.gov.br\/en\/download\/taxa-ocupacao-dezembro-2025\/\" target=\"_blank\" rel=\"noopener\">Taxa de Ocupa\u00e7\u00e3o &#8211; Dezembro 2025<\/a><\/p>\n<p><a href=\"https:\/\/www.sejuri.sc.gov.br\/en\/download\/02_documento-sejuri-00006188_2026-pdf\/\" target=\"_blank\" rel=\"noopener\">Taxa de Ocupa\u00e7\u00e3o &#8211; Janeiro 2026<\/a><\/p>\n<p><a href=\"https:\/\/www.sejuri.sc.gov.br\/en\/download\/03_taxa-ocupacao-fevereiro-2026\/\" target=\"_blank\" rel=\"noopener\">Taxa de Ocupa\u00e7\u00e3o \u2013 Fevereiro 2026<\/a><\/p>\n<p><a href=\"https:\/\/www.sejuri.sc.gov.br\/en\/download\/04_taxa-de-ocupacao-marco\/\" target=\"_blank\" rel=\"noopener\">Taxa de Ocupa\u00e7\u00e3o \u2013 Mar\u00e7o 2026<\/a><\/p>\n<p><a href=\"https:\/\/www.sejuri.sc.gov.br\/en\/download\/taxa-de-ocupacao-marco-2026-parte-02\/\">Taxa de Ocupa\u00e7\u00e3o &#8211; Mar\u00e7o 2026 &#8211; Parte 02<\/a><\/p>\n<p><a href=\"https:\/\/www.sejuri.sc.gov.br\/en\/download\/taxa-de-ocupacao-abril-2026\/\" target=\"_blank\" rel=\"noopener\">Taxa de Ocupa\u00e7\u00e3o &#8211; Abril 2026<\/a><\/p>","protected":false},"excerpt":{"rendered":"<p>Taxa de Ocupa\u00e7\u00e3o &#8211; Dezembro 2025 Taxa de Ocupa\u00e7\u00e3o &#8211; Janeiro 2026 Taxa de Ocupa\u00e7\u00e3o \u2013 Fevereiro 2026 Taxa de Ocupa\u00e7\u00e3o \u2013 Mar\u00e7o 2026 Taxa de Ocupa\u00e7\u00e3o &#8211; Mar\u00e7o 2026 &#8211; Parte 02 Taxa de Ocupa\u00e7\u00e3o &#8211; Abril 2026<\/p>","protected":false},"author":13,"featured_media":23544,"parent":0,"menu_order":0,"comment_status":"closed","ping_status":"closed","template":"","meta":{"_monsterinsights_skip_tracking":false,"_monsterinsights_sitenote_active":false,"_monsterinsights_sitenote_note":"","_monsterinsights_sitenote_category":0,"footnotes":"","_wp_rev_ctl_limit":""},"categories":[],"tags":[],"publishpress_future_action":{"enabled":false,"date":"2026-05-19 18:37:55","action":"change-status","newStatus":"draft","terms":[],"taxonomy":"category"},"publishpress_future_workflow_manual_trigger":{"enabledWorkflows":[]},"_links":{"self":[{"href":"https:\/\/www.sejuri.sc.gov.br\/en\/wp-json\/wp\/v2\/pages\/23542"}],"collection":[{"href":"https:\/\/www.sejuri.sc.gov.br\/en\/wp-json\/wp\/v2\/pages"}],"about":[{"href":"https:\/\/www.sejuri.sc.gov.br\/en\/wp-json\/wp\/v2\/types\/page"}],"author":[{"embeddable":true,"href":"https:\/\/www.sejuri.sc.gov.br\/en\/wp-json\/wp\/v2\/users\/13"}],"replies":[{"embeddable":true,"href":"https:\/\/www.sejuri.sc.gov.br\/en\/wp-json\/wp\/v2\/comments?post=23542"}],"version-history":[{"count":6,"href":"https:\/\/www.sejuri.sc.gov.br\/en\/wp-json\/wp\/v2\/pages\/23542\/revisions"}],"predecessor-version":[{"id":24666,"href":"https:\/\/www.sejuri.sc.gov.br\/en\/wp-json\/wp\/v2\/pages\/23542\/revisions\/24666"}],"wp:featuredmedia":[{"embeddable":true,"href":"https:\/\/www.sejuri.sc.gov.br\/en\/wp-json\/wp\/v2\/media\/23544"}],"wp:attachment":[{"href":"https:\/\/www.sejuri.sc.gov.br\/en\/wp-json\/wp\/v2\/media?parent=23542"}],"wp:term":[{"taxonomy":"category","embeddable":true,"href":"https:\/\/www.sejuri.sc.gov.br\/en\/wp-json\/wp\/v2\/categories?post=23542"},{"taxonomy":"post_tag","embeddable":true,"href":"https:\/\/www.sejuri.sc.gov.br\/en\/wp-json\/wp\/v2\/tags?post=23542"}],"curies":[{"name":"wp","href":"https:\/\/api.w.org\/{rel}","templated":true}]}}